{"id":172,"date":"2025-05-13T15:21:14","date_gmt":"2025-05-13T15:21:14","guid":{"rendered":"https:\/\/itusluga.pl\/serwis\/?page_id=172"},"modified":"2026-03-18T14:54:38","modified_gmt":"2026-03-18T14:54:38","slug":"uslugi","status":"publish","type":"page","link":"https:\/\/itusluga.pl\/serwis\/","title":{"rendered":""},"content":{"rendered":"<p>[et_pb_section fb_built=&#8221;1&#8243; admin_label=&#8221;Contact Info&#8221; _builder_version=&#8221;4.27.4&#8243; _module_preset=&#8221;default&#8221; background_color=&#8221;#0c0648&#8243; background_image=&#8221;https:\/\/itusluga.pl\/serwis\/wp-content\/uploads\/2025\/05\/design-scaled-1.png&#8221; collapsed=&#8221;on&#8221; global_colors_info=&#8221;{}&#8221;][et_pb_row _builder_version=&#8221;4.27.4&#8243; _module_preset=&#8221;default&#8221; global_colors_info=&#8221;{}&#8221;][et_pb_column type=&#8221;4_4&#8243; _builder_version=&#8221;4.27.4&#8243; _module_preset=&#8221;default&#8221; global_colors_info=&#8221;{}&#8221;][et_pb_text _builder_version=&#8221;4.22.1&#8243; _module_preset=&#8221;83c04ad4-76e9-4f74-a4db-a2219a5b2ede&#8221; text_orientation=&#8221;center&#8221; custom_margin=&#8221;||10px||false|false&#8221; global_colors_info=&#8221;{}&#8221;]<\/p>\n<h1 style=\"text-align: center;\"><span style=\"color: #ffffff;\">Serwis Komputer\u00f3w i Laptop\u00f3w, Pogwarancyjny: <span style=\"text-decoration: underline;\">Modele Dell i Lenovo<\/span><\/span><\/h1>\n<h1 style=\"text-align: center;\"><span style=\"color: #ffffff;\">Us\u0142ugi IT, Odzysk Danych<\/span><\/h1>\n<p>[\/et_pb_text][\/et_pb_column][\/et_pb_row][et_pb_row column_structure=&#8221;1_3,1_3,1_3&#8243; make_equal=&#8221;on&#8221; _builder_version=&#8221;4.22.1&#8243; _module_preset=&#8221;default&#8221; locked=&#8221;off&#8221; global_colors_info=&#8221;{}&#8221;][et_pb_column type=&#8221;1_3&#8243; _builder_version=&#8221;4.22.1&#8243; _module_preset=&#8221;default&#8221; background_color=&#8221;gcid-924bddf2-c0ef-4ef9-b028-8630e1b50bab&#8221; custom_padding=&#8221;40px|40px|40px|40px|true|true&#8221; custom_padding_tablet=&#8221;30px|30px|30px|30px|true|true&#8221; custom_padding_phone=&#8221;20px|20px|20px|20px|true|true&#8221; custom_padding_last_edited=&#8221;on|desktop&#8221; border_radii=&#8221;on|10px|10px|10px|10px&#8221; global_colors_info=&#8221;{%22gcid-924bddf2-c0ef-4ef9-b028-8630e1b50bab%22:%91%22background_color%22%93}&#8221;][et_pb_icon font_icon=&#8221;&#xf095;||fa||900&#8243; icon_color=&#8221;gcid-b58e2385-d7f3-4b8c-8c82-a83e7d966eb3&#8243; icon_width=&#8221;64px&#8221; _builder_version=&#8221;4.22.1&#8243; _module_preset=&#8221;default&#8221; global_colors_info=&#8221;{%22gcid-b58e2385-d7f3-4b8c-8c82-a83e7d966eb3%22:%91%22icon_color%22%93}&#8221;][\/et_pb_icon][et_pb_text _builder_version=&#8221;4.22.1&#8243; _module_preset=&#8221;d5208359-b56a-477a-abf4-c66ab14b6f28&#8243; text_orientation=&#8221;center&#8221; custom_margin=&#8221;||0px||false|false&#8221; global_colors_info=&#8221;{}&#8221;]<\/p>\n<h4>Sprawd\u017a Terminy Zadzwo\u0144 Do Nas!<\/h4>\n<p>[\/et_pb_text][et_pb_text _builder_version=&#8221;4.27.4&#8243; _module_preset=&#8221;001081f5-f3a7-4357-aa36-a8bb903a331d&#8221; link_text_color=&#8221;gcid-840cd285-ee6f-49c1-abc9-5e893f3235b8&#8243; text_orientation=&#8221;center&#8221; global_colors_info=&#8221;{%22gcid-840cd285-ee6f-49c1-abc9-5e893f3235b8%22:%91%22link_text_color%22%93}&#8221;]<\/p>\n<p><span style=\"color: #000000; font-size: large;\">(22) 603-01-00<\/span><\/p>\n<p>[\/et_pb_text][\/et_pb_column][et_pb_column type=&#8221;1_3&#8243; _builder_version=&#8221;4.22.1&#8243; _module_preset=&#8221;default&#8221; background_color=&#8221;gcid-924bddf2-c0ef-4ef9-b028-8630e1b50bab&#8221; custom_padding=&#8221;40px|40px|40px|40px|true|true&#8221; custom_padding_tablet=&#8221;30px|30px|30px|30px|true|true&#8221; custom_padding_phone=&#8221;20px|20px|20px|20px|true|true&#8221; custom_padding_last_edited=&#8221;on|desktop&#8221; border_radii=&#8221;on|10px|10px|10px|10px&#8221; global_colors_info=&#8221;{%22gcid-924bddf2-c0ef-4ef9-b028-8630e1b50bab%22:%91%22background_color%22%93}&#8221;][et_pb_icon font_icon=&#8221;&#xf276;||fa||900&#8243; icon_color=&#8221;gcid-b58e2385-d7f3-4b8c-8c82-a83e7d966eb3&#8243; icon_width=&#8221;64px&#8221; _builder_version=&#8221;4.22.1&#8243; _module_preset=&#8221;default&#8221; global_colors_info=&#8221;{%22gcid-b58e2385-d7f3-4b8c-8c82-a83e7d966eb3%22:%91%22icon_color%22%93}&#8221;][\/et_pb_icon][et_pb_text _builder_version=&#8221;4.27.4&#8243; _module_preset=&#8221;d5208359-b56a-477a-abf4-c66ab14b6f28&#8243; text_orientation=&#8221;center&#8221; custom_margin=&#8221;||0px||false|false&#8221; global_colors_info=&#8221;{}&#8221;]<\/p>\n<h4>Gdzie jeste\u015bmy?<\/h4>\n<p>[\/et_pb_text][et_pb_text _builder_version=&#8221;4.27.4&#8243; _module_preset=&#8221;001081f5-f3a7-4357-aa36-a8bb903a331d&#8221; link_text_color=&#8221;gcid-840cd285-ee6f-49c1-abc9-5e893f3235b8&#8243; text_orientation=&#8221;center&#8221; global_colors_info=&#8221;{%22gcid-840cd285-ee6f-49c1-abc9-5e893f3235b8%22:%91%22link_text_color%22%93}&#8221;]<\/p>\n<p><span style=\"color: #000000;\">ul. Sienna 87\/U1, 00-815 Warszawa (DALEY Sp. z o. o.)<\/span><\/p>\n<p>[\/et_pb_text][\/et_pb_column][et_pb_column type=&#8221;1_3&#8243; _builder_version=&#8221;4.22.1&#8243; _module_preset=&#8221;default&#8221; background_color=&#8221;gcid-924bddf2-c0ef-4ef9-b028-8630e1b50bab&#8221; custom_padding=&#8221;40px|40px|40px|40px|true|true&#8221; custom_padding_tablet=&#8221;30px|30px|30px|30px|true|true&#8221; custom_padding_phone=&#8221;20px|20px|20px|20px|true|true&#8221; custom_padding_last_edited=&#8221;on|desktop&#8221; border_radii=&#8221;on|10px|10px|10px|10px&#8221; global_colors_info=&#8221;{%22gcid-924bddf2-c0ef-4ef9-b028-8630e1b50bab%22:%91%22background_color%22%93}&#8221;][et_pb_icon font_icon=&#8221;&#xf2b6;||fa||900&#8243; icon_color=&#8221;gcid-b58e2385-d7f3-4b8c-8c82-a83e7d966eb3&#8243; icon_width=&#8221;64px&#8221; _builder_version=&#8221;4.22.1&#8243; _module_preset=&#8221;default&#8221; global_colors_info=&#8221;{%22gcid-b58e2385-d7f3-4b8c-8c82-a83e7d966eb3%22:%91%22icon_color%22%93}&#8221;][\/et_pb_icon][et_pb_text _builder_version=&#8221;4.27.4&#8243; _module_preset=&#8221;d5208359-b56a-477a-abf4-c66ab14b6f28&#8243; text_orientation=&#8221;center&#8221; custom_margin=&#8221;||0px||false|false&#8221; global_colors_info=&#8221;{}&#8221;]<\/p>\n<h4>E-mail Do Nas<\/h4>\n<p>[\/et_pb_text][et_pb_text _builder_version=&#8221;4.27.4&#8243; _module_preset=&#8221;001081f5-f3a7-4357-aa36-a8bb903a331d&#8221; link_text_color=&#8221;gcid-840cd285-ee6f-49c1-abc9-5e893f3235b8&#8243; text_orientation=&#8221;center&#8221; global_colors_info=&#8221;{%22gcid-840cd285-ee6f-49c1-abc9-5e893f3235b8%22:%91%22link_text_color%22%93}&#8221;]<\/p>\n<p><span style=\"color: #000000; font-size: large;\">serwis@itusluga.pl<\/span><\/p>\n<p>[\/et_pb_text][\/et_pb_column][\/et_pb_row][\/et_pb_section][et_pb_section fb_built=&#8221;1&#8243; admin_label=&#8221;Header&#8221; _builder_version=&#8221;4.27.4&#8243; _module_preset=&#8221;default&#8221; background_color=&#8221;#0c0648&#8243; background_image=&#8221;https:\/\/itusluga.pl\/serwis\/wp-content\/uploads\/2025\/05\/design-scaled-1.png&#8221; custom_padding=&#8221;||0px||false|false&#8221; locked=&#8221;off&#8221; collapsed=&#8221;on&#8221; global_colors_info=&#8221;{}&#8221;][et_pb_row _builder_version=&#8221;4.22.1&#8243; _module_preset=&#8221;default&#8221; locked=&#8221;off&#8221; global_colors_info=&#8221;{}&#8221;][et_pb_column type=&#8221;4_4&#8243; _builder_version=&#8221;4.27.4&#8243; _module_preset=&#8221;default&#8221; global_colors_info=&#8221;{}&#8221;][et_pb_image src=&#8221;https:\/\/itusluga.pl\/serwis\/wp-content\/uploads\/2025\/05\/FullLogo_Transparent1-300&#215;240.png&#8221; title_text=&#8221;FullLogo_Transparent(1)&#8221; align=&#8221;center&#8221; _builder_version=&#8221;4.27.4&#8243; _module_preset=&#8221;default&#8221; global_colors_info=&#8221;{}&#8221;][\/et_pb_image][\/et_pb_column][\/et_pb_row][\/et_pb_section][et_pb_section fb_built=&#8221;1&#8243; admin_label=&#8221;Footer&#8221; _builder_version=&#8221;4.27.4&#8243; _module_preset=&#8221;default&#8221; background_color=&#8221;gcid-b58e2385-d7f3-4b8c-8c82-a83e7d966eb3&#8243; background_image=&#8221;https:\/\/itusluga.pl\/serwis\/wp-content\/uploads\/2025\/05\/design-scaled-1.png&#8221; saved_tabs=&#8221;all&#8221; collapsed=&#8221;on&#8221; global_colors_info=&#8221;{%22gcid-b58e2385-d7f3-4b8c-8c82-a83e7d966eb3%22:%91%22background_color%22%93}&#8221;][et_pb_row _builder_version=&#8221;4.27.4&#8243; _module_preset=&#8221;default&#8221; border_color_all=&#8221;rgba(255,255,255,0.2)&#8221; border_width_top=&#8221;1px&#8221; global_colors_info=&#8221;{}&#8221;][et_pb_column type=&#8221;4_4&#8243; _builder_version=&#8221;4.22.1&#8243; _module_preset=&#8221;default&#8221; global_colors_info=&#8221;{}&#8221;][et_pb_text _builder_version=&#8221;4.27.4&#8243; _dynamic_attributes=&#8221;content&#8221; _module_preset=&#8221;001081f5-f3a7-4357-aa36-a8bb903a331d&#8221; text_text_color=&#8221;#FFFFFF&#8221; global_colors_info=&#8221;{}&#8221;]@ET-DC@eyJkeW5hbWljIjp0cnVlLCJjb250ZW50IjoiY3VycmVudF9kYXRlIiwic2V0dGluZ3MiOnsiYmVmb3JlIjoiIiwiYWZ0ZXIiOiIiLCJkYXRlX2Zvcm1hdCI6ImN1c3RvbSIsImN1c3RvbV9kYXRlX2Zvcm1hdCI6IiJ9fQ==@[\/et_pb_text][et_pb_text _builder_version=&#8221;4.27.4&#8243; _module_preset=&#8221;default&#8221; global_colors_info=&#8221;{}&#8221;]<\/p>\n<p><span style=\"color: #ffffff;\">Marka ITUS\u0141UGA.PL nale\u017cy do:<strong> DALEY SP\u00d3\u0141KA Z OGRANICZON\u0104 ODPOWIEDZIALNO\u015aCI\u0104<\/strong> z siedzib\u0105 w <strong>Warszawie, pod adresem: Sienna 87\/U1, 00-815 Warszawa, Polska<\/strong>, wpisana do Rejestru Przedsi\u0119biorc\u00f3w Krajowego Rejestru S\u0105dowego, prowadzonego przez S\u0105d Rejonowy dla M. St. Warszawy w Warszawie XIII Wydzia\u0142 Gospodarczy Krajowego Rejestru S\u0105dowego, pod numerem <strong>KRS: 0000729420<\/strong>, posiadaj\u0105ca numer <strong>NIP: 7010820369<\/strong>, numer <strong>REGON: 380056204<\/strong>, o kapitale zak\u0142adowym 5 000,00 z\u0142<\/span><\/p>\n<p><span style=\"color: #ffffff;\">W zwi\u0105zku z owocn\u0105 i wieloletni\u0105 wsp\u00f3\u0142prac\u0105 z Miastem Sto\u0142ecznym Warszawa <em>\u201eNiniejszym, DALEY Sp. z o. o. deklarujemy, \u017ce nasza firma przyjmuje i stosuje przyj\u0119te przez Miasto zasady r\u00f3wnego traktowania, ma \u015bwiadomo\u015b\u0107 odpowiedzialno\u015bci prawnej za nieprzestrzeganie przepis\u00f3w zakazuj\u0105cych dyskryminacji i prowadzi dzia\u0142alno\u015b\u0107 woln\u0105 od dyskryminacji, w szczeg\u00f3lno\u015bci ze wzgl\u0119du na takie cechy jak p\u0142e\u0107, rasa (kolor sk\u00f3ry), pochodzenie etniczne, narodowo\u015b\u0107, religi\u0119, wyznanie, \u015bwiatopogl\u0105d, niepe\u0142nosprawno\u015b\u0107, wiek lub orientacj\u0119 seksualn\u0105, mog\u0105ce stanowi\u0107 podstaw\u0119 nier\u00f3wnego traktowania, a niemaj\u0105ce racjonalnego uzasadnienia z punktu widzenia prowadzonej przez nas dzia\u0142alno\u015bci.\u201d<\/em> <\/span><span style=\"color: #ffffff;\">Jednocze\u015bnie informujemy, \u017ce r\u00f3\u017cnicowanie w traktowaniu os\u00f3b ze wzgl\u0119du na obiektywnie uzasadnione przyczyny nie stanowi przypadku dyskryminacji.<\/span><\/p>\n<p>[\/et_pb_text][\/et_pb_column][\/et_pb_row][\/et_pb_section]<\/p>\n","protected":false},"excerpt":{"rendered":"<p>Serwis Komputer\u00f3w i Laptop\u00f3w, Pogwarancyjny: Modele Dell i Lenovo Us\u0142ugi IT, Odzysk DanychSprawd\u017a Terminy Zadzwo\u0144 Do Nas!(22) 603-01-00Gdzie jeste\u015bmy?ul. Sienna 87\/U1, 00-815 Warszawa (DALEY Sp. z o. o.)E-mail Do Nasserwis@itusluga.plMarka ITUS\u0141UGA.PL nale\u017cy do: DALEY SP\u00d3\u0141KA Z OGRANICZON\u0104 ODPOWIEDZIALNO\u015aCI\u0104 z siedzib\u0105 w Warszawie, pod adresem: Sienna 87\/U1, 00-815 Warszawa, Polska, wpisana do Rejestru Przedsi\u0119biorc\u00f3w Krajowego Rejestru [&hellip;]<\/p>\n","protected":false},"author":1,"featured_media":0,"parent":0,"menu_order":0,"comment_status":"closed","ping_status":"closed","template":"","meta":{"_et_pb_use_builder":"on","_et_pb_old_content":"","_et_gb_content_width":"","pagelayer_contact_templates":[],"_pagelayer_content":"","footnotes":""},"class_list":["post-172","page","type-page","status-publish","hentry"],"_links":{"self":[{"href":"https:\/\/itusluga.pl\/serwis\/wp-json\/wp\/v2\/pages\/172","targetHints":{"allow":["GET"]}}],"collection":[{"href":"https:\/\/itusluga.pl\/serwis\/wp-json\/wp\/v2\/pages"}],"about":[{"href":"https:\/\/itusluga.pl\/serwis\/wp-json\/wp\/v2\/types\/page"}],"author":[{"embeddable":true,"href":"https:\/\/itusluga.pl\/serwis\/wp-json\/wp\/v2\/users\/1"}],"replies":[{"embeddable":true,"href":"https:\/\/itusluga.pl\/serwis\/wp-json\/wp\/v2\/comments?post=172"}],"version-history":[{"count":20,"href":"https:\/\/itusluga.pl\/serwis\/wp-json\/wp\/v2\/pages\/172\/revisions"}],"predecessor-version":[{"id":224,"href":"https:\/\/itusluga.pl\/serwis\/wp-json\/wp\/v2\/pages\/172\/revisions\/224"}],"wp:attachment":[{"href":"https:\/\/itusluga.pl\/serwis\/wp-json\/wp\/v2\/media?parent=172"}],"curies":[{"name":"wp","href":"https:\/\/api.w.org\/{rel}","templated":true}]}}